{"id":34,"date":"2023-07-27T12:34:50","date_gmt":"2023-07-27T12:34:50","guid":{"rendered":"https:\/\/sunday-beach-hotel.ms.decms.eu\/?page_id=34"},"modified":"2023-07-27T15:16:58","modified_gmt":"2023-07-27T15:16:58","slug":"triple-room","status":"publish","type":"page","link":"https:\/\/www.sundaysbeach.com\/en\/rooms\/triple-room\/","title":{"rendered":"Triple room"},"content":{"rendered":"<p>La habitaci\u00f3n triple dispone de cama de matrimonio o dos individuales y una cama individual.<\/p>\n<p>El tipo de cama estar\u00e1 sujeto a disponibildad.Cuarto de ba\u00f1o completo privado con toallas y productos de aseo personal.<\/p>\n<p>Aire Acondicionado\/calefaccion, tel\u00e9fono, TV, secador de pelo,plancha de ropa (bajo petici\u00f3n) y servicio de limpieza diario.<\/p>\n<p style=\"text-align: right;\"><a href=\"mailto:reservas@sundaysbeach.com\" target=\"_blank\" rel=\"noopener\">Contact us reservas@sundaysbeach.com<\/a><\/p>\n","protected":false},"excerpt":{"rendered":"<p>La habitaci\u00f3n triple dispone de cama de matrimonio o dos individuales y una cama individual. El tipo de cama estar\u00e1 sujeto a disponibildad.Cuarto de ba\u00f1o completo privado con toallas y productos de aseo personal. Aire Acondicionado\/calefaccion, tel\u00e9fono, TV, secador de pelo,plancha de ropa (bajo petici\u00f3n) y servicio de limpieza diario. Contact us reservas@sundaysbeach.com<\/p>\n","protected":false},"author":7,"featured_media":0,"parent":17,"menu_order":5,"comment_status":"closed","ping_status":"closed","template":"template-single-room.php","meta":{"footnotes":""},"class_list":["post-34","page","type-page","status-publish","hentry"],"yoast_head":"<!-- This site is optimized with the Yoast SEO plugin v26.9 - https:\/\/yoast.com\/product\/yoast-seo-wordpress\/ -->\n<title>Triple room &#8211; Sunday&#039;s Beach Hotel<\/title>\n<meta name=\"robots\" content=\"index, follow, max-snippet:-1, max-image-preview:large, max-video-preview:-1\" \/>\n<link rel=\"canonical\" href=\"https:\/\/www.sundaysbeach.com\/en\/rooms\/triple-room\/\" \/>\n<meta property=\"og:locale\" content=\"en_US\" \/>\n<meta property=\"og:type\" content=\"article\" \/>\n<meta property=\"og:title\" content=\"Triple room &#8211; Sunday&#039;s Beach Hotel\" \/>\n<meta property=\"og:description\" content=\"La habitaci\u00f3n triple dispone de cama de matrimonio o dos individuales y una cama individual. El tipo de cama estar\u00e1 sujeto a disponibildad.Cuarto de ba\u00f1o completo privado con toallas y productos de aseo personal. Aire Acondicionado\/calefaccion, tel\u00e9fono, TV, secador de pelo,plancha de ropa (bajo petici\u00f3n) y servicio de limpieza diario. Contact us reservas@sundaysbeach.com\" \/>\n<meta property=\"og:url\" content=\"https:\/\/www.sundaysbeach.com\/en\/rooms\/triple-room\/\" \/>\n<meta property=\"og:site_name\" content=\"Sunday&#039;s Beach Hotel\" \/>\n<meta property=\"article:modified_time\" content=\"2023-07-27T15:16:58+00:00\" \/>\n<meta name=\"twitter:card\" content=\"summary_large_image\" \/>\n<script type=\"application\/ld+json\" class=\"yoast-schema-graph\">{\"@context\":\"https:\/\/schema.org\",\"@graph\":[{\"@type\":\"WebPage\",\"@id\":\"https:\/\/www.sundaysbeach.com\/en\/rooms\/triple-room\/\",\"url\":\"https:\/\/www.sundaysbeach.com\/en\/rooms\/triple-room\/\",\"name\":\"Triple room &#8211; Sunday's Beach Hotel\",\"isPartOf\":{\"@id\":\"https:\/\/www.sundaysbeach.com\/en\/#website\"},\"datePublished\":\"2023-07-27T12:34:50+00:00\",\"dateModified\":\"2023-07-27T15:16:58+00:00\",\"breadcrumb\":{\"@id\":\"https:\/\/www.sundaysbeach.com\/en\/rooms\/triple-room\/#breadcrumb\"},\"inLanguage\":\"en-US\",\"potentialAction\":[{\"@type\":\"ReadAction\",\"target\":[\"https:\/\/www.sundaysbeach.com\/en\/rooms\/triple-room\/\"]}]},{\"@type\":\"BreadcrumbList\",\"@id\":\"https:\/\/www.sundaysbeach.com\/en\/rooms\/triple-room\/#breadcrumb\",\"itemListElement\":[{\"@type\":\"ListItem\",\"position\":1,\"name\":\"Home\",\"item\":\"https:\/\/www.sundaysbeach.com\/en\/\"},{\"@type\":\"ListItem\",\"position\":2,\"name\":\"Rooms\",\"item\":\"https:\/\/www.sundaysbeach.com\/en\/rooms\/\"},{\"@type\":\"ListItem\",\"position\":3,\"name\":\"Triple room\"}]},{\"@type\":\"WebSite\",\"@id\":\"https:\/\/www.sundaysbeach.com\/en\/#website\",\"url\":\"https:\/\/www.sundaysbeach.com\/en\/\",\"name\":\"Sunday's Beach Hotel\",\"description\":\"\",\"potentialAction\":[{\"@type\":\"SearchAction\",\"target\":{\"@type\":\"EntryPoint\",\"urlTemplate\":\"https:\/\/www.sundaysbeach.com\/en\/?s={search_term_string}\"},\"query-input\":{\"@type\":\"PropertyValueSpecification\",\"valueRequired\":true,\"valueName\":\"search_term_string\"}}],\"inLanguage\":\"en-US\"}]}<\/script>\n<!-- \/ Yoast SEO plugin. -->","yoast_head_json":{"title":"Triple room &#8211; Sunday's Beach Hotel","robots":{"index":"index","follow":"follow","max-snippet":"max-snippet:-1","max-image-preview":"max-image-preview:large","max-video-preview":"max-video-preview:-1"},"canonical":"https:\/\/www.sundaysbeach.com\/en\/rooms\/triple-room\/","og_locale":"en_US","og_type":"article","og_title":"Triple room &#8211; Sunday's Beach Hotel","og_description":"La habitaci\u00f3n triple dispone de cama de matrimonio o dos individuales y una cama individual. El tipo de cama estar\u00e1 sujeto a disponibildad.Cuarto de ba\u00f1o completo privado con toallas y productos de aseo personal. Aire Acondicionado\/calefaccion, tel\u00e9fono, TV, secador de pelo,plancha de ropa (bajo petici\u00f3n) y servicio de limpieza diario. Contact us reservas@sundaysbeach.com","og_url":"https:\/\/www.sundaysbeach.com\/en\/rooms\/triple-room\/","og_site_name":"Sunday's Beach Hotel","article_modified_time":"2023-07-27T15:16:58+00:00","twitter_card":"summary_large_image","schema":{"@context":"https:\/\/schema.org","@graph":[{"@type":"WebPage","@id":"https:\/\/www.sundaysbeach.com\/en\/rooms\/triple-room\/","url":"https:\/\/www.sundaysbeach.com\/en\/rooms\/triple-room\/","name":"Triple room &#8211; Sunday's Beach Hotel","isPartOf":{"@id":"https:\/\/www.sundaysbeach.com\/en\/#website"},"datePublished":"2023-07-27T12:34:50+00:00","dateModified":"2023-07-27T15:16:58+00:00","breadcrumb":{"@id":"https:\/\/www.sundaysbeach.com\/en\/rooms\/triple-room\/#breadcrumb"},"inLanguage":"en-US","potentialAction":[{"@type":"ReadAction","target":["https:\/\/www.sundaysbeach.com\/en\/rooms\/triple-room\/"]}]},{"@type":"BreadcrumbList","@id":"https:\/\/www.sundaysbeach.com\/en\/rooms\/triple-room\/#breadcrumb","itemListElement":[{"@type":"ListItem","position":1,"name":"Home","item":"https:\/\/www.sundaysbeach.com\/en\/"},{"@type":"ListItem","position":2,"name":"Rooms","item":"https:\/\/www.sundaysbeach.com\/en\/rooms\/"},{"@type":"ListItem","position":3,"name":"Triple room"}]},{"@type":"WebSite","@id":"https:\/\/www.sundaysbeach.com\/en\/#website","url":"https:\/\/www.sundaysbeach.com\/en\/","name":"Sunday's Beach Hotel","description":"","potentialAction":[{"@type":"SearchAction","target":{"@type":"EntryPoint","urlTemplate":"https:\/\/www.sundaysbeach.com\/en\/?s={search_term_string}"},"query-input":{"@type":"PropertyValueSpecification","valueRequired":true,"valueName":"search_term_string"}}],"inLanguage":"en-US"}]}},"acf":[],"_links":{"self":[{"href":"https:\/\/www.sundaysbeach.com\/en\/wp-json\/wp\/v2\/pages\/34","targetHints":{"allow":["GET"]}}],"collection":[{"href":"https:\/\/www.sundaysbeach.com\/en\/wp-json\/wp\/v2\/pages"}],"about":[{"href":"https:\/\/www.sundaysbeach.com\/en\/wp-json\/wp\/v2\/types\/page"}],"author":[{"embeddable":true,"href":"https:\/\/www.sundaysbeach.com\/en\/wp-json\/wp\/v2\/users\/7"}],"replies":[{"embeddable":true,"href":"https:\/\/www.sundaysbeach.com\/en\/wp-json\/wp\/v2\/comments?post=34"}],"version-history":[{"count":0,"href":"https:\/\/www.sundaysbeach.com\/en\/wp-json\/wp\/v2\/pages\/34\/revisions"}],"up":[{"embeddable":true,"href":"https:\/\/www.sundaysbeach.com\/en\/wp-json\/wp\/v2\/pages\/17"}],"wp:attachment":[{"href":"https:\/\/www.sundaysbeach.com\/en\/wp-json\/wp\/v2\/media?parent=34"}],"curies":[{"name":"wp","href":"https:\/\/api.w.org\/{rel}","templated":true}]}}