{"id":45,"date":"2023-07-27T13:54:24","date_gmt":"2023-07-27T13:54:24","guid":{"rendered":"https:\/\/sunday-beach-hotel.ms.decms.eu\/?page_id=45"},"modified":"2023-07-27T13:59:15","modified_gmt":"2023-07-27T13:59:15","slug":"surroundings","status":"publish","type":"page","link":"https:\/\/www.sundaysbeach.com\/en\/surroundings\/","title":{"rendered":"Surroundings"},"content":{"rendered":"<p>Pe\u00f1\u00edscola is one of the most beautiful coastal towns in the province of Castell\u00f3n and is located in a privileged location, overlooking the Mediterranean Sea and very close to the Sierra de Irta Natural Park.<\/p>\n<p><strong>Sunday&#8217;s Beach is the perfect hotel to see Pe\u00f1\u00edscola<\/strong>, enjoy the beach and make some excursions in the surroundings.<\/p>\n<p>Due to its climate, Pe\u00f1\u00edscola is a perfect place to visit all year round, although during the summer months, it becomes one of the most frequented destinations, due to the quality of its beaches.<\/p>\n<p>Its castle, the old town, and its narrow streets full of life have made this small town in the north of Castell\u00f3n part of the network of the most beautiful villages in Spain since 2013.<\/p>\n","protected":false},"excerpt":{"rendered":"<p>Pe\u00f1\u00edscola is one of the most beautiful coastal towns in the province of Castell\u00f3n and is located in a privileged location, overlooking the Mediterranean Sea and very close to the Sierra de Irta Natural Park. Sunday&#8217;s Beach is the perfect hotel to see Pe\u00f1\u00edscola, enjoy the beach and make some excursions in the surroundings. Due [&hellip;]<\/p>\n","protected":false},"author":7,"featured_media":0,"parent":0,"menu_order":20,"comment_status":"closed","ping_status":"closed","template":"","meta":{"footnotes":""},"class_list":["post-45","page","type-page","status-publish","hentry"],"yoast_head":"<!-- This site is optimized with the Yoast SEO plugin v26.9 - https:\/\/yoast.com\/product\/yoast-seo-wordpress\/ -->\n<title>Surroundings &#8211; Sunday&#039;s Beach Hotel<\/title>\n<meta name=\"robots\" content=\"index, follow, max-snippet:-1, max-image-preview:large, max-video-preview:-1\" \/>\n<link rel=\"canonical\" href=\"https:\/\/www.sundaysbeach.com\/en\/surroundings\/\" \/>\n<meta property=\"og:locale\" content=\"en_US\" \/>\n<meta property=\"og:type\" content=\"article\" \/>\n<meta property=\"og:title\" content=\"Surroundings &#8211; Sunday&#039;s Beach Hotel\" \/>\n<meta property=\"og:description\" content=\"Pe\u00f1\u00edscola is one of the most beautiful coastal towns in the province of Castell\u00f3n and is located in a privileged location, overlooking the Mediterranean Sea and very close to the Sierra de Irta Natural Park. Sunday&#8217;s Beach is the perfect hotel to see Pe\u00f1\u00edscola, enjoy the beach and make some excursions in the surroundings. Due [&hellip;]\" \/>\n<meta property=\"og:url\" content=\"https:\/\/www.sundaysbeach.com\/en\/surroundings\/\" \/>\n<meta property=\"og:site_name\" content=\"Sunday&#039;s Beach Hotel\" \/>\n<meta property=\"article:modified_time\" content=\"2023-07-27T13:59:15+00:00\" \/>\n<meta name=\"twitter:card\" content=\"summary_large_image\" \/>\n<meta name=\"twitter:label1\" content=\"Est. reading time\" \/>\n\t<meta name=\"twitter:data1\" content=\"1 minute\" \/>\n<script type=\"application\/ld+json\" class=\"yoast-schema-graph\">{\"@context\":\"https:\/\/schema.org\",\"@graph\":[{\"@type\":\"WebPage\",\"@id\":\"https:\/\/www.sundaysbeach.com\/en\/surroundings\/\",\"url\":\"https:\/\/www.sundaysbeach.com\/en\/surroundings\/\",\"name\":\"Surroundings &#8211; Sunday's Beach Hotel\",\"isPartOf\":{\"@id\":\"https:\/\/www.sundaysbeach.com\/en\/#website\"},\"datePublished\":\"2023-07-27T13:54:24+00:00\",\"dateModified\":\"2023-07-27T13:59:15+00:00\",\"breadcrumb\":{\"@id\":\"https:\/\/www.sundaysbeach.com\/en\/surroundings\/#breadcrumb\"},\"inLanguage\":\"en-US\",\"potentialAction\":[{\"@type\":\"ReadAction\",\"target\":[\"https:\/\/www.sundaysbeach.com\/en\/surroundings\/\"]}]},{\"@type\":\"BreadcrumbList\",\"@id\":\"https:\/\/www.sundaysbeach.com\/en\/surroundings\/#breadcrumb\",\"itemListElement\":[{\"@type\":\"ListItem\",\"position\":1,\"name\":\"Home\",\"item\":\"https:\/\/www.sundaysbeach.com\/en\/\"},{\"@type\":\"ListItem\",\"position\":2,\"name\":\"Surroundings\"}]},{\"@type\":\"WebSite\",\"@id\":\"https:\/\/www.sundaysbeach.com\/en\/#website\",\"url\":\"https:\/\/www.sundaysbeach.com\/en\/\",\"name\":\"Sunday's Beach Hotel\",\"description\":\"\",\"potentialAction\":[{\"@type\":\"SearchAction\",\"target\":{\"@type\":\"EntryPoint\",\"urlTemplate\":\"https:\/\/www.sundaysbeach.com\/en\/?s={search_term_string}\"},\"query-input\":{\"@type\":\"PropertyValueSpecification\",\"valueRequired\":true,\"valueName\":\"search_term_string\"}}],\"inLanguage\":\"en-US\"}]}<\/script>\n<!-- \/ Yoast SEO plugin. -->","yoast_head_json":{"title":"Surroundings &#8211; Sunday's Beach Hotel","robots":{"index":"index","follow":"follow","max-snippet":"max-snippet:-1","max-image-preview":"max-image-preview:large","max-video-preview":"max-video-preview:-1"},"canonical":"https:\/\/www.sundaysbeach.com\/en\/surroundings\/","og_locale":"en_US","og_type":"article","og_title":"Surroundings &#8211; Sunday's Beach Hotel","og_description":"Pe\u00f1\u00edscola is one of the most beautiful coastal towns in the province of Castell\u00f3n and is located in a privileged location, overlooking the Mediterranean Sea and very close to the Sierra de Irta Natural Park. Sunday&#8217;s Beach is the perfect hotel to see Pe\u00f1\u00edscola, enjoy the beach and make some excursions in the surroundings. Due [&hellip;]","og_url":"https:\/\/www.sundaysbeach.com\/en\/surroundings\/","og_site_name":"Sunday's Beach Hotel","article_modified_time":"2023-07-27T13:59:15+00:00","twitter_card":"summary_large_image","twitter_misc":{"Est. reading time":"1 minute"},"schema":{"@context":"https:\/\/schema.org","@graph":[{"@type":"WebPage","@id":"https:\/\/www.sundaysbeach.com\/en\/surroundings\/","url":"https:\/\/www.sundaysbeach.com\/en\/surroundings\/","name":"Surroundings &#8211; Sunday's Beach Hotel","isPartOf":{"@id":"https:\/\/www.sundaysbeach.com\/en\/#website"},"datePublished":"2023-07-27T13:54:24+00:00","dateModified":"2023-07-27T13:59:15+00:00","breadcrumb":{"@id":"https:\/\/www.sundaysbeach.com\/en\/surroundings\/#breadcrumb"},"inLanguage":"en-US","potentialAction":[{"@type":"ReadAction","target":["https:\/\/www.sundaysbeach.com\/en\/surroundings\/"]}]},{"@type":"BreadcrumbList","@id":"https:\/\/www.sundaysbeach.com\/en\/surroundings\/#breadcrumb","itemListElement":[{"@type":"ListItem","position":1,"name":"Home","item":"https:\/\/www.sundaysbeach.com\/en\/"},{"@type":"ListItem","position":2,"name":"Surroundings"}]},{"@type":"WebSite","@id":"https:\/\/www.sundaysbeach.com\/en\/#website","url":"https:\/\/www.sundaysbeach.com\/en\/","name":"Sunday's Beach Hotel","description":"","potentialAction":[{"@type":"SearchAction","target":{"@type":"EntryPoint","urlTemplate":"https:\/\/www.sundaysbeach.com\/en\/?s={search_term_string}"},"query-input":{"@type":"PropertyValueSpecification","valueRequired":true,"valueName":"search_term_string"}}],"inLanguage":"en-US"}]}},"acf":[],"_links":{"self":[{"href":"https:\/\/www.sundaysbeach.com\/en\/wp-json\/wp\/v2\/pages\/45","targetHints":{"allow":["GET"]}}],"collection":[{"href":"https:\/\/www.sundaysbeach.com\/en\/wp-json\/wp\/v2\/pages"}],"about":[{"href":"https:\/\/www.sundaysbeach.com\/en\/wp-json\/wp\/v2\/types\/page"}],"author":[{"embeddable":true,"href":"https:\/\/www.sundaysbeach.com\/en\/wp-json\/wp\/v2\/users\/7"}],"replies":[{"embeddable":true,"href":"https:\/\/www.sundaysbeach.com\/en\/wp-json\/wp\/v2\/comments?post=45"}],"version-history":[{"count":0,"href":"https:\/\/www.sundaysbeach.com\/en\/wp-json\/wp\/v2\/pages\/45\/revisions"}],"wp:attachment":[{"href":"https:\/\/www.sundaysbeach.com\/en\/wp-json\/wp\/v2\/media?parent=45"}],"curies":[{"name":"wp","href":"https:\/\/api.w.org\/{rel}","templated":true}]}}